{"id":399,"date":"2018-03-22T10:55:30","date_gmt":"2018-03-22T10:55:30","guid":{"rendered":"http:\/\/egzomag.atomki.hu\/ginop-projektleiras\/"},"modified":"2024-04-01T07:49:19","modified_gmt":"2024-04-01T07:49:19","slug":"ginops-project-description-2","status":"publish","type":"page","link":"https:\/\/egzomag.atomki.hu\/en\/ginops-project-description-2\/","title":{"rendered":"GINOP&#8217;s project description"},"content":{"rendered":"<div class=\"wpb-content-wrapper\"><p>[vc_row][vc_column][vc_column_text]<\/p>\n<h3>PROJECT DESCRIPTION<\/h3>\n<p>[\/vc_column_text][vc_separator color=&#8221;custom&#8221; style=&#8221;dotted&#8221; border_width=&#8221;2&#8243; accent_color=&#8221;#22b573&#8243; css=&#8221;.vc_custom_1522852828105{margin-top: -3% !important;}&#8221;][\/vc_column][\/vc_row][vc_row][vc_column width=&#8221;1\/4&#8243;][\/vc_column][vc_column width=&#8221;3\/4&#8243;][vc_column_text]<strong><span style=\"color: #22b573;\">Az HUN-REN Atommagkutat\u00f3 Int\u00e9zet a magyarorsz\u00e1gi magszerkezet-kutat\u00e1sok nemzetk\u00f6zileg ismert \u00e9s elismert k\u00f6zpontja. Az elm\u00falt \u00e9vtizedekben az int\u00e9zet magszerkezeti kutat\u00f3csoportja eur\u00f3pai egy\u00fcttm\u0171k\u00f6d\u00e9sek keret\u00e9ben meghat\u00e1roz\u00f3 szerepet j\u00e1tszott t\u00f6bb jelent\u0151s magszerkezeti felfedez\u00e9s el\u00e9r\u00e9s\u00e9ben. Ezen munk\u00e1k mellett az Atomki az int\u00e9zet gyors\u00edt\u00f3it felhaszn\u00e1lva egy \u00faj kutat\u00e1si ir\u00e1nyt ind\u00edtott el, amellyel bekapcsol\u00f3dtunk korunk egyik legnagyobb kih\u00edv\u00e1s\u00e1t jelent\u0151 s\u00f6t\u00e9t-anyag kutat\u00e1sba. A jelen projekt keret\u00e9ben a legmodernebb fejleszt\u00e9s\u0171 magfizikai detektorok beszerz\u00e9s\u00e9re ny\u00edlik lehet\u0151s\u00e9g\u00fcnk. Az \u00faj \u00e9szlel\u0151 berendez\u00e9sekkel egyr\u00e9szt olyan nemzetk\u00f6zi kollabor\u00e1ci\u00f3knak a tagjai lesz\u00fcnk, amelyek az elk\u00f6vetkez\u0151 \u00e9vtizedben meghat\u00e1rozz\u00e1k a magszerkezet-kutat\u00e1st Eur\u00f3p\u00e1ban. M\u00e1sr\u00e9szt az Univerzum nagy r\u00e9sz\u00e9t kitev\u0151 s\u00f6t\u00e9t-anyag kutat\u00e1s\u00e1ban az \u00faj detektorokkal olyan k\u00eds\u00e9rleteket tudunk v\u00e9gezni, amelyek seg\u00edts\u00e9g\u00e9vel megtarthatjuk vezet\u0151 poz\u00edci\u00f3nkat egy felt\u00e9telezett \u00faj r\u00e9szecske kimutat\u00e1s\u00e1nak meger\u0151s\u00edt\u00e9s\u00e9ben.<\/span> <\/strong>[\/vc_column_text][\/vc_column][\/vc_row][vc_row][vc_column width=&#8221;1\/4&#8243;][\/vc_column][vc_column width=&#8221;3\/4&#8243;][vc_column_text]A HUN-REN ATOMKI alaptev\u00e9kenys\u00e9ge a term\u00e9szet t\u00f6rv\u00e9nyeinek felt\u00e1r\u00e1s\u00e1ra ir\u00e1nyul\u00f3 fizikai kutat\u00e1s az atom-, a mag- \u00e9s a r\u00e9szecskefizika ter\u00e9n. Kezdetekben a magfizikai kutat\u00e1s volt a meghat\u00e1roz\u00f3 az int\u00e9zet kutat\u00e1si tev\u00e9kenys\u00e9g\u00e9ben \u00e9s mind a mai napig az egyik legsikeresebb kutat\u00e1si \u00e1ga maradt. Az elm\u00falt \u00e9vekben kutat\u00f3csoportunk a <sup>8<\/sup>Be atommag gerjesztett \u00e1llapot\u00e1nak boml\u00e1s\u00e1t vizsg\u00e1lva olyan anom\u00e1li\u00e1t tal\u00e1lt, amely legjobb tud\u00e1sunk szerint semmilyen magfizikai effektussal nem magyar\u00e1zhat\u00f3, viszont \u00e9rtelmezhet\u0151 egy eddig ismeretlen \u00faj r\u00e9szecske keletkez\u00e9s\u00e9vel. Egy ilyen r\u00e9szecske viszont nem f\u00e9r bele a r\u00e9szecskefizika standard modellj\u00e9be. A nemr\u00e9g publik\u00e1lt k\u00eds\u00e9rleti eredm\u00e9ny\u00fcnk felkeltette a fizikusok nemzetk\u00f6zi k\u00f6z\u00f6ss\u00e9g\u00e9nek a figyelm\u00e9t, az elm\u00e9leti \u00e9s a k\u00eds\u00e9rleti szakemberek\u00e9t egyar\u00e1nt. A bejelent\u00e9s hat\u00e1s\u00e1ra vil\u00e1gszerte f\u00fcggetlen m\u00e9r\u00e9seket terveznek, hogy a megfigyel\u00e9s k\u00fcl\u00f6nb\u00f6z\u0151 interpret\u00e1ci\u00f3it meger\u0151s\u00edts\u00e9k vagy megc\u00e1folj\u00e1k.<\/p>\n<p>Az itthoni kutat\u00e1sokkal p\u00e1rhuzamosan az int\u00e9zet\u00fcnkben megszerzett kiv\u00e1l\u00f3 gamma-spektroszk\u00f3piai tud\u00e1sra alapozva magszerkezeti kutat\u00f3csoportunk becsatlakozott az eur\u00f3pai neh\u00e9zion-gyors\u00edt\u00f3k mellett, t\u00f6bb sz\u00e1z krist\u00e1lyt tartalmaz\u00f3 detektorrendszerekkel v\u00e9gzett magfizikai k\u00eds\u00e9rletekbe. A vil\u00e1g vezet\u0151 magfizikai int\u00e9zeteiben el\u0151sz\u00f6r stabil, majd radioakt\u00edv nyal\u00e1bokon t\u00f6rt\u00e9n\u0151 m\u00e9r\u00e9sek sor\u00e1n nemzetk\u00f6zileg figyelemre m\u00e9lt\u00f3 eredm\u00e9nyeket \u00e9rt\u00fcnk el a stabilit\u00e1st\u00f3l t\u00e1voli atommagok vizsg\u00e1lat\u00e1ban.<\/p>\n<p>A k\u00f6vetkez\u0151 gener\u00e1ci\u00f3s radioakt\u00edv-nyal\u00e1bos berendez\u00e9sekn\u00e9l a kor\u00e1bbiakn\u00e1l j\u00f3val nagyobb nyal\u00e1bintenzit\u00e1sokat \u00e9s gamma hozamokat v\u00e1rnak, amelyekhez sokkal jobb felold\u00e1s\u00fa \u00e9szlel\u0151 berendez\u00e9seket terveznek LaBr<sub>3<\/sub>(Ce) \u00e9s nagy szegment\u00e1lts\u00e1gi fok\u00fa germ\u00e1nium detektorokat alkalmazva. Jelenleg a vil\u00e1gon k\u00e9t ilyen nagy Ge detektorrendszer \u00e9p\u00fcl, az amerikai GRETA \u00e9s az eur\u00f3pai AGATA.<br \/>\nEz ut\u00f3bbi kiemelked\u0151 fontoss\u00e1g\u00fa lesz az eur\u00f3pai magszerkezet-kutat\u00e1sban az elk\u00f6vetkez\u0151 \u00e9vtizedekben<br \/>\n\u00e9s egyik fontos k\u00eds\u00e9rleti eszk\u00f6ze az \u00f6sszeur\u00f3pai t\u00e1mogat\u00e1st \u00e9lvez\u0151 \u00fa.n. ESFRI roadmap int\u00e9zm\u00e9nynek.<\/p>\n<p>A jelen projekt keret\u00e9ben leg\u00fajabb fejleszt\u00e9s\u0171 LaBr<sub>3<\/sub>(Ce), szil\u00edcium-pixel, valamint AGATA t\u00edpus\u00fa Ge detektorokat k\u00edv\u00e1nunk beszerezni. Az AGATA detektor r\u00e9sze lesz a ki\u00e9p\u00fcl\u0151 AGATA rendszernek.<\/p>\n<p>A beruh\u00e1z\u00e1ssal olyan nemzetk\u00f6zi kollabor\u00e1ci\u00f3hoz kapcsol\u00f3dunk, amelynek c\u00e9lja az eur\u00f3pai kutat\u00f3csoportok szerep\u00e9nek er\u0151s\u00edt\u00e9se a modern magszerkezet kutat\u00e1sban. Az \u00faj detektor-rendszereket alkalmazva v\u00e1laszt kaphatunk az Eur\u00f3pai Magfizikai Tan\u00e1csad\u00f3 Test\u00fclet \u00e1ltal legfontosabbnak \u00edt\u00e9lt magszerkezeti k\u00e9rd\u00e9sekre. Milyen er\u0151k hatnak a magban a nukleonokra, ezek hogyan alak\u00edtj\u00e1k az atommagok szerkezet\u00e9t? Hogyan m\u00f3dosulnak a stabilit\u00e1si s\u00e1v k\u00f6rny\u00e9k\u00e9n megszokott tulajdons\u00e1gok extr\u00e9m neutron- illetve protont\u00f6bblettel rendelkez\u0151 atommagokban, kialakulnak-e ezekben egzotikus kollekt\u00edv mozg\u00e1shoz k\u00f6thet\u0151 \u00e1llapotok? Megjelennek-e speci\u00e1lis nukleon-kvartettekhez k\u00f6thet\u0151 \u00e1llapotok az azonos neutron- \u00e9s protonsz\u00e1m\u00fa atommagokban? Milyen k\u00fcl\u00f6nleges deform\u00e1ci\u00f3k alakulhatnak ki atommagokban? A beszerzend\u0151 detektorok ezen t\u00falmen\u0151en hozz\u00e1seg\u00edtenek az int\u00e9zet\u00fcnk \u00e1ltal kimutatott \u00faj effektus r\u00e9szletesebb vizsg\u00e1lat\u00e1hoz, ami nemzetk\u00f6zileg kimagasl\u00f3 jelent\u0151s\u00e9g\u0171 lehet, hiszen ak\u00e1r egy \u00faj elemi r\u00e9szecske vagy egy \u00faj k\u00f6lcs\u00f6nhat\u00e1s l\u00e9t\u00e9t is igazolhatja.<\/p>\n<p>A projekt els\u0151 \u00e9v\u00e9ben elind\u00edtjuk a LaBr<sub>3<\/sub>(Ce) \u00e9s az AGATA detektorok, valamint a hozz\u00e1juk kapcsol\u00f3d\u00f3 kiszolg\u00e1l\u00f3 egys\u00e9gek beszerz\u00e9seit. K\u00f6vetkez\u0151 l\u00e9p\u00e9sk\u00e9nt a m\u00e1sodik \u00e9vben a lesz\u00e1ll\u00edtott berendez\u00e9seket install\u00e1ljuk \u00e9s haszn\u00e1latba vessz\u00fck. Ebben az \u00e9vben tervezz\u00fck a lehets\u00e9ges \u00faj r\u00e9szecske kimutat\u00e1s\u00e1ra szolg\u00e1l\u00f3 k\u00eds\u00e9rletekben haszn\u00e1land\u00f3 szil\u00edcium-pixel detektorok beszerz\u00e9s\u00e9nek elind\u00edt\u00e1s\u00e1t is. A bonyolult gy\u00e1rt\u00e1si elj\u00e1r\u00e1s miatt csak a projekt harmadik \u00e9v\u00e9ben ker\u00fcl az int\u00e9zetbe az AGATA detektor<br \/>\n\u00e9s a hozz\u00e1tartoz\u00f3 kiszolg\u00e1l\u00f3 egys\u00e9g. \u00cdgy ezeknek a be\u00fczemel\u00e9s\u00e9t az utols\u00f3 szakaszban v\u00e9gezz\u00fck el.<\/p>\n<p>Id\u0151tartam: 2016. december 1. \u2013 2019. november 30.<br \/>\nB\u0151vebb inform\u00e1ci\u00f3: <a href=\"http:\/\/www.atomki.hu\/infrastruktura-projektek\">www.atomki.hu\/infrastruktura-projektek<\/a>[\/vc_column_text][\/vc_column][\/vc_row]<\/p>\n<\/div>","protected":false},"excerpt":{"rendered":"<p>[vc_row][vc_column][vc_column_text] PROJECT DESCRIPTION [\/vc_column_text][vc_separator color=&#8221;custom&#8221; style=&#8221;dotted&#8221; border_width=&#8221;2&#8243; accent_color=&#8221;#22b573&#8243; css=&#8221;.vc_custom_1522852828105{margin-top: -3% !important;}&#8221;][\/vc_column][\/vc_row][vc_row][vc_column width=&#8221;1\/4&#8243;][\/vc_column][vc_column width=&#8221;3\/4&#8243;][vc_column_text]Az HUN-REN Atommagkutat\u00f3 Int\u00e9zet a magyarorsz\u00e1gi magszerkezet-kutat\u00e1sok nemzetk\u00f6zileg ismert \u00e9s elismert k\u00f6zpontja. Az elm\u00falt<span class=\"excerpt-hellip\"> [\u2026]<\/span><\/p>\n","protected":false},"author":3,"featured_media":449,"parent":0,"menu_order":0,"comment_status":"closed","ping_status":"closed","template":"","meta":{"inline_featured_image":false,"jetpack_post_was_ever_published":false,"footnotes":""},"class_list":["post-399","page","type-page","status-publish","has-post-thumbnail","hentry"],"jetpack_shortlink":"https:\/\/wp.me\/PaFlJq-6r","_links":{"self":[{"href":"https:\/\/egzomag.atomki.hu\/en\/wp-json\/wp\/v2\/pages\/399","targetHints":{"allow":["GET"]}}],"collection":[{"href":"https:\/\/egzomag.atomki.hu\/en\/wp-json\/wp\/v2\/pages"}],"about":[{"href":"https:\/\/egzomag.atomki.hu\/en\/wp-json\/wp\/v2\/types\/page"}],"author":[{"embeddable":true,"href":"https:\/\/egzomag.atomki.hu\/en\/wp-json\/wp\/v2\/users\/3"}],"replies":[{"embeddable":true,"href":"https:\/\/egzomag.atomki.hu\/en\/wp-json\/wp\/v2\/comments?post=399"}],"version-history":[{"count":5,"href":"https:\/\/egzomag.atomki.hu\/en\/wp-json\/wp\/v2\/pages\/399\/revisions"}],"predecessor-version":[{"id":2934,"href":"https:\/\/egzomag.atomki.hu\/en\/wp-json\/wp\/v2\/pages\/399\/revisions\/2934"}],"wp:featuredmedia":[{"embeddable":true,"href":"https:\/\/egzomag.atomki.hu\/en\/wp-json\/wp\/v2\/media\/449"}],"wp:attachment":[{"href":"https:\/\/egzomag.atomki.hu\/en\/wp-json\/wp\/v2\/media?parent=399"}],"curies":[{"name":"wp","href":"https:\/\/api.w.org\/{rel}","templated":true}]}}