{"id":456,"date":"2017-06-14T14:39:52","date_gmt":"2017-06-14T14:39:52","guid":{"rendered":"http:\/\/egzomag.atomki.hu\/kozbeszerzes\/"},"modified":"2018-04-04T12:46:52","modified_gmt":"2018-04-04T12:46:52","slug":"public-procurement","status":"publish","type":"page","link":"https:\/\/egzomag.atomki.hu\/en\/public-procurement\/","title":{"rendered":"Public procurement"},"content":{"rendered":"<div class=\"wpb-content-wrapper\"><p>[vc_row][vc_column][vc_column_text]<\/p>\n<h3><span style=\"color: #000000;\">PUBLIC PROCUREMENT<\/span><\/h3>\n<p>[\/vc_column_text][vc_separator color=&#8221;custom&#8221; style=&#8221;dotted&#8221; border_width=&#8221;2&#8243; accent_color=&#8221;#22b573&#8243; css=&#8221;.vc_custom_1522578191592{margin-top: -3% !important;}&#8221;][\/vc_column][\/vc_row][vc_row][vc_column width=&#8221;1\/4&#8243;][\/vc_column][vc_column width=&#8221;3\/4&#8243;][vc_column_text]<strong>A jelen projekt keret\u00e9ben a legmodernebb fejleszt\u00e9s\u0171 magfizikai detektorok beszerz\u00e9s\u00e9re ny\u00edlik lehet\u0151s\u00e9g\u00fcnk. Az \u00faj \u00e9szlel\u0151 berendez\u00e9sekkel egyr\u00e9szt olyan nemzetk\u00f6zi kollabor\u00e1ci\u00f3knak a tagjai lesz\u00fcnk, amelyek az elk\u00f6vetkez\u0151 \u00e9vtizedben meghat\u00e1rozz\u00e1k a magszerkezet-kutat\u00e1st Eur\u00f3p\u00e1ban. M\u00e1sr\u00e9szt az Univerzum nagy r\u00e9sz\u00e9t kitev\u0151 s\u00f6t\u00e9t-anyag kutat\u00e1s\u00e1ban az \u00faj detektorokkal olyan k\u00eds\u00e9rleteket tudunk v\u00e9gezni, amelyek seg\u00edts\u00e9g\u00e9vel megtarthatjuk vezet\u0151 poz\u00edci\u00f3nkat egy felt\u00e9telezett \u00faj r\u00e9szecske kimutat\u00e1s\u00e1nak meger\u0151s\u00edt\u00e9s\u00e9ben.<\/strong>[\/vc_column_text][\/vc_column][\/vc_row][vc_row][vc_column][vc_column_text]<\/p>\n<h3 class=\"p1\"><span style=\"color: #000000;\"><strong>Tender titled \u201eStudy of exotic nuclear phenomena at Atomki and ESFRI roadmap\u00a0<\/strong><\/span><span style=\"color: #000000;\"><strong>institutes\u201d<\/strong><\/span><\/h3>\n<p>[\/vc_column_text][\/vc_column][\/vc_row][vc_row][vc_column width=&#8221;1\/4&#8243;][\/vc_column][vc_column width=&#8221;3\/4&#8243;][vc_column_text]<span style=\"color: #22b573;\"><strong>The Contracting Authority (MTA Atomki) has been performing research in nuclear\u00a0<\/strong><\/span><span style=\"color: #22b573;\"><strong>physics using ion beam accelerators both in the host institute and abroad. The purpose of\u00a0<\/strong><\/span><span style=\"color: #22b573;\"><strong>the present Tender is to develop a world-class research laboratory to study exotic nuclear\u00a0<\/strong><\/span><span style=\"color: #22b573;\"><strong>phenomena equipped with the following high-precision gamma- and particle detector\u00a0<\/strong><\/span><span style=\"color: #22b573;\"><strong>systems.<\/strong><\/span>[\/vc_column_text][\/vc_column][\/vc_row][vc_row][vc_column][vc_text_separator title=&#8221;Technical description, specification&#8221; title_align=&#8221;separator_align_left&#8221; color=&#8221;custom&#8221; border_width=&#8221;4&#8243; accent_color=&#8221;#22b573&#8243;][\/vc_column][\/vc_row][vc_row][vc_column width=&#8221;1\/4&#8243;][\/vc_column][vc_column width=&#8221;3\/4&#8243;][vc_column_text]<\/p>\n<ol>\n<li><a href=\"https:\/\/egzomag.atomki.hu\/kozbeszerzesi-eljaras-muszaki-leirasa\/#muszaki_1\"><strong> H\u00e1rom krist\u00e1lyt tartalmaz\u00f3 AGATA detektor gy\u00e1rt\u00e1sa \u00e9s sz\u00e1ll\u00edt\u00e1sa<\/strong><\/a><\/li>\n<li><a href=\"https:\/\/egzomag.atomki.hu\/kozbeszerzesi-eljaras-muszaki-leirasa\/#muszaki_2\"><strong> AGATA detektorhoz tartoz\u00f3 krioszt\u00e1t gy\u00e1rt\u00e1sa \u00e9s sz\u00e1ll\u00edt\u00e1sa<\/strong><\/a><\/li>\n<li><a href=\"https:\/\/egzomag.atomki.hu\/kozbeszerzesi-eljaras-muszaki-leirasa\/#muszaki_3\"><strong> LaBr<sub>3<\/sub>(Ce) detektorok gy\u00e1rt\u00e1sa \u00e9s sz\u00e1ll\u00edt\u00e1sa<\/strong><\/a><\/li>\n<li><a href=\"https:\/\/egzomag.atomki.hu\/kozbeszerzesi-eljaras-muszaki-leirasa\/#muszaki_4\"><strong>Fesz\u00fclts\u00e9goszt\u00f3 \u00a0gy\u00e1rt\u00e1sa \u00e9s sz\u00e1ll\u00edt\u00e1sa a LaBr3(Ce) detektorok fotoelektron-sokszoroz\u00f3ihoz<\/strong><\/a><\/li>\n<li><a href=\"https:\/\/egzomag.atomki.hu\/kozbeszerzesi-eljaras-muszaki-leirasa\/#muszaki_5\"><strong>Nagyfesz\u00fclts\u00e9g\u0171 t\u00e1pegys\u00e9g \u00a0gy\u00e1rt\u00e1sa \u00e9s sz\u00e1ll\u00edt\u00e1sa a LaBr3(Ce) detektorhoz<\/strong><\/a><\/li>\n<li><a href=\"https:\/\/egzomag.atomki.hu\/kozbeszerzesi-eljaras-muszaki-leirasa\/#muszaki_6\"><strong>DSSSD f\u00e9lvezet\u0151, helyzet\u00e9rz\u00e9keny szil\u00edcium detektorok gy\u00e1rt\u00e1sa \u00e9s sz\u00e1ll\u00edt\u00e1sa<\/strong><\/a><\/li>\n<li><a href=\"https:\/\/egzomag.atomki.hu\/kozbeszerzesi-eljaras-muszaki-leirasa\/#muszaki_7\"><strong>A DSSSD detektorokhoz csatlakoz\u00f3 jelform\u00e1l\u00f3 elektronika gy\u00e1rt\u00e1sa \u00e9s sz\u00e1ll\u00edt\u00e1sa<\/strong><\/a><\/li>\n<li><a href=\"https:\/\/egzomag.atomki.hu\/kozbeszerzesi-eljaras-muszaki-leirasa\/#muszaki_8\"><strong>A DSSSD-khez csatlakoz\u00f3 elektronikai adatgy\u0171jt\u0151 gy\u00e1rt\u00e1sa \u00e9s sz\u00e1ll\u00edt\u00e1sa<\/strong><\/a><\/li>\n<li><a href=\"https:\/\/egzomag.atomki.hu\/kozbeszerzesi-eljaras-muszaki-leirasa\/#muszaki_9\"><strong>Detektor \u00e1llv\u00e1nyzat<\/strong><\/a><\/li>\n<\/ol>\n<p>[\/vc_column_text][\/vc_column][\/vc_row][vc_row][vc_column][vc_separator color=&#8221;custom&#8221; style=&#8221;dotted&#8221; border_width=&#8221;2&#8243; accent_color=&#8221;#22b573&#8243;][\/vc_column][\/vc_row][vc_row][vc_column width=&#8221;1\/4&#8243;][\/vc_column][vc_column width=&#8221;1\/4&#8243;][vc_btn title=&#8221;R\u00e9szletes le\u00edr\u00e1s&#8221; style=&#8221;outline&#8221; shape=&#8221;square&#8221; color=&#8221;inverse&#8221; link=&#8221;url:http%3A%2F%2Fegzomag.atomki.hu%2Fkozbeszerzesi-eljaras-muszaki-leirasa%2F||target:%20_blank|&#8221;][\/vc_column][vc_column width=&#8221;1\/4&#8243;][vc_btn title=&#8221;M\u0171szaki le\u00edr\u00e1sa let\u00f6lt\u00e9se PDF-ben&#8221; style=&#8221;outline&#8221; shape=&#8221;square&#8221; color=&#8221;inverse&#8221; link=&#8221;url:http%3A%2F%2Fegzomag.atomki.hu%2Fwp-content%2Fuploads%2Fsites%2F4%2F2017%2F11%2Fginop_00034_muszaki_leiras_HU-1.pdf||target:%20_blank|&#8221;][\/vc_column][vc_column width=&#8221;1\/4&#8243;][\/vc_column][\/vc_row]<\/p>\n<\/div>","protected":false},"excerpt":{"rendered":"<p>[vc_row][vc_column][vc_column_text] PUBLIC PROCUREMENT [\/vc_column_text][vc_separator color=&#8221;custom&#8221; style=&#8221;dotted&#8221; border_width=&#8221;2&#8243; accent_color=&#8221;#22b573&#8243; css=&#8221;.vc_custom_1522578191592{margin-top: -3% !important;}&#8221;][\/vc_column][\/vc_row][vc_row][vc_column width=&#8221;1\/4&#8243;][\/vc_column][vc_column width=&#8221;3\/4&#8243;][vc_column_text]A jelen projekt keret\u00e9ben a legmodernebb fejleszt\u00e9s\u0171 magfizikai detektorok beszerz\u00e9s\u00e9re ny\u00edlik lehet\u0151s\u00e9g\u00fcnk. Az \u00faj<span class=\"excerpt-hellip\"> [\u2026]<\/span><\/p>\n","protected":false},"author":3,"featured_media":438,"parent":0,"menu_order":0,"comment_status":"closed","ping_status":"closed","template":"","meta":{"inline_featured_image":false,"jetpack_post_was_ever_published":false,"footnotes":""},"class_list":["post-456","page","type-page","status-publish","has-post-thumbnail","hentry"],"jetpack_shortlink":"https:\/\/wp.me\/PaFlJq-7m","_links":{"self":[{"href":"https:\/\/egzomag.atomki.hu\/en\/wp-json\/wp\/v2\/pages\/456","targetHints":{"allow":["GET"]}}],"collection":[{"href":"https:\/\/egzomag.atomki.hu\/en\/wp-json\/wp\/v2\/pages"}],"about":[{"href":"https:\/\/egzomag.atomki.hu\/en\/wp-json\/wp\/v2\/types\/page"}],"author":[{"embeddable":true,"href":"https:\/\/egzomag.atomki.hu\/en\/wp-json\/wp\/v2\/users\/3"}],"replies":[{"embeddable":true,"href":"https:\/\/egzomag.atomki.hu\/en\/wp-json\/wp\/v2\/comments?post=456"}],"version-history":[{"count":7,"href":"https:\/\/egzomag.atomki.hu\/en\/wp-json\/wp\/v2\/pages\/456\/revisions"}],"predecessor-version":[{"id":464,"href":"https:\/\/egzomag.atomki.hu\/en\/wp-json\/wp\/v2\/pages\/456\/revisions\/464"}],"wp:featuredmedia":[{"embeddable":true,"href":"https:\/\/egzomag.atomki.hu\/en\/wp-json\/wp\/v2\/media\/438"}],"wp:attachment":[{"href":"https:\/\/egzomag.atomki.hu\/en\/wp-json\/wp\/v2\/media?parent=456"}],"curies":[{"name":"wp","href":"https:\/\/api.w.org\/{rel}","templated":true}]}}