{"id":88,"date":"2017-11-14T09:14:05","date_gmt":"2017-11-14T09:14:05","guid":{"rendered":"http:\/\/egzomag.atomki.hu\/kutatas\/"},"modified":"2019-08-27T08:05:24","modified_gmt":"2019-08-27T08:05:24","slug":"research","status":"publish","type":"page","link":"https:\/\/egzomag.atomki.hu\/en\/research\/","title":{"rendered":"Research"},"content":{"rendered":"<div class=\"wpb-content-wrapper\"><p>[vc_row full_width=&#8221;stretch_row&#8221; parallax=&#8221;content-moving&#8221; css_animation=&#8221;none&#8221; css=&#8221;.vc_custom_1543251543621{padding-top: 150px !important;padding-bottom: 150px !important;background-image: url(http:\/\/egzomag.atomki.hu\/wp-content\/uploads\/sites\/4\/2018\/11\/attila_labr3_setup_4_zold-1.jpg?id=629) !important;background-position: center;background-repeat: no-repeat !important;background-size: cover !important;}&#8221;][vc_column][vc_custom_heading text=&#8221;AZ ATOMMAG<br \/>\nMINT FELFEDEZ\u0150 G\u00c9P&#8221; font_container=&#8221;tag:h1|font_size:84|text_align:left|color:%23ffffff|line_height:1.1&#8243; use_theme_fonts=&#8221;yes&#8221; css_animation=&#8221;bottom-to-top&#8221; css=&#8221;.vc_custom_1543251940155{margin-top: 0px !important;}&#8221;][\/vc_column][\/vc_row][vc_row content_placement=&#8221;top&#8221; css=&#8221;.vc_custom_1511721399524{border-bottom-width: 40px !important;padding-top: 40px !important;background-color: #ffffff !important;}&#8221;][vc_column width=&#8221;1\/4&#8243; css=&#8221;.vc_custom_1511547510555{margin-top: -5% !important;}&#8221;][\/vc_column][vc_column width=&#8221;3\/4&#8243;][vc_column_text]<span style=\"color: #000000;\"><strong>Az LHC-t felfedez\u0151 g\u00e9pnek \u00e9p\u00edtett\u00e9k, ahol a nagyenergi\u00e1s protonok \u00fctk\u00f6z\u00e9seit vizsg\u00e1lj\u00e1k. Ezek a protonok viszont ott vannak az atommagban is.<\/strong><\/span><\/p>\n<p>Mi az MTA Atommagkutat\u00f3 Int\u00e9zet\u00e9ben az atommagok tulajdons\u00e1gait \u00e9s \u00e1talakul\u00e1sait vizsg\u00e1ljuk. Val\u00f3j\u00e1ban azonban az atommag is egy olyan felfedez\u0151 g\u00e9p, mint az LHC, csak kisebb energi\u00e1kon. Amiben tal\u00e1n a term\u00e9szet \u00f6sszes k\u00f6lcs\u00f6nhat\u00e1sa jelen van.\u00a0 A n\u00e9gy jelenleg ismert k\u00f6lcs\u00f6nhat\u00e1s k\u00f6z\u00fcl kett\u0151t az atommagban fedeztek fel. Ezek az er\u0151s \u00e9s a gyenge k\u00f6lcs\u00f6nhat\u00e1s. Hogy mire is j\u00f3k ezek? Az er\u0151s k\u00f6lcs\u00f6nhat\u00e1s eredm\u00e9nyezi az atommagok igen nagy k\u00f6t\u00e9si energi\u00e1j\u00e1t, amit felszabad\u00edtva termelnek energi\u00e1t az atomreaktorok. A gyenge k\u00f6lcs\u00f6nhat\u00e1s n\u00e9lk\u00fcl pedig nem s\u00fctne a Nap.[\/vc_column_text][\/vc_column][\/vc_row][vc_row][vc_column width=&#8221;5\/6&#8243;][vc_column_text]<\/p>\n<blockquote>\n<h2><span style=\"color: #22b573;\"><strong>Mi az atommagban kezdt\u00fck el keresni<br \/>\na s\u00f6t\u00e9t anyagot<\/strong><\/span><\/h2>\n<\/blockquote>\n<p>[\/vc_column_text][\/vc_column][vc_column width=&#8221;1\/6&#8243;][\/vc_column][\/vc_row][vc_row][vc_column][vc_empty_space height=&#8221;5px&#8221;][\/vc_column][\/vc_row][vc_row][vc_column width=&#8221;1\/4&#8243;][\/vc_column][vc_column width=&#8221;3\/4&#8243;][vc_single_image image=&#8221;31&#8243; img_size=&#8221;full&#8221;][\/vc_column][\/vc_row][vc_row full_width=&#8221;stretch_row&#8221;][vc_column width=&#8221;1\/4&#8243;][vc_single_image image=&#8221;506&#8243; img_size=&#8221;full&#8221;][\/vc_column][vc_column width=&#8221;3\/4&#8243;][vc_column_text css=&#8221;.vc_custom_1543251625332{padding-top: 30px !important;padding-right: 30px !important;padding-bottom: 30px !important;padding-left: 30px !important;}&#8221;]<\/p>\n<p style=\"text-align: left;\"><span style=\"color: #000000;\"><strong>Az MTA Atommagkutat\u00f3 Int\u00e9zet a magyarorsz\u00e1gi magszerkezet-kutat\u00e1sok nemzetk\u00f6zileg ismert \u00e9s elismert k\u00f6zpontja.<\/strong><\/span><\/p>\n<p style=\"text-align: left;\">Az elm\u00falt \u00e9vtizedekben az int\u00e9zet magszerkezeti kutat\u00f3csoportja eur\u00f3pai egy\u00fcttm\u0171k\u00f6d\u00e9sek keret\u00e9ben meghat\u00e1roz\u00f3 szerepet j\u00e1tszott t\u00f6bb jelent\u0151s magszerkezeti felfedez\u00e9s el\u00e9r\u00e9s\u00e9ben. Ezen munk\u00e1k mellett az Atomki az int\u00e9zet gyors\u00edt\u00f3it felhaszn\u00e1lva egy \u00faj kutat\u00e1si ir\u00e1nyt ind\u00edtott el, amellyel bekapcsol\u00f3dtunk korunk egyik legnagyobb kih\u00edv\u00e1s\u00e1t jelent\u0151 s\u00f6t\u00e9t-anyag kutat\u00e1sba.<\/p>\n<p>[\/vc_column_text][\/vc_column][\/vc_row]<\/p>\n<\/div>","protected":false},"excerpt":{"rendered":"<p>[vc_row full_width=&#8221;stretch_row&#8221; parallax=&#8221;content-moving&#8221; css_animation=&#8221;none&#8221; css=&#8221;.vc_custom_1543251543621{padding-top: 150px !important;padding-bottom: 150px !important;background-image: url(http:\/\/egzomag.atomki.hu\/wp-content\/uploads\/sites\/4\/2018\/11\/attila_labr3_setup_4_zold-1.jpg?id=629) !important;background-position: center;background-repeat: no-repeat !important;background-size: cover !important;}&#8221;][vc_column][vc_custom_heading text=&#8221;AZ ATOMMAG MINT FELFEDEZ\u0150 G\u00c9P&#8221; font_container=&#8221;tag:h1|font_size:84|text_align:left|color:%23ffffff|line_height:1.1&#8243; use_theme_fonts=&#8221;yes&#8221; css_animation=&#8221;bottom-to-top&#8221; css=&#8221;.vc_custom_1543251940155{margin-top: 0px<span class=\"excerpt-hellip\"> [\u2026]<\/span><\/p>\n","protected":false},"author":3,"featured_media":1474,"parent":0,"menu_order":0,"comment_status":"closed","ping_status":"closed","template":"","meta":{"inline_featured_image":false,"jetpack_post_was_ever_published":false,"footnotes":""},"class_list":["post-88","page","type-page","status-publish","has-post-thumbnail","hentry"],"jetpack_shortlink":"https:\/\/wp.me\/PaFlJq-1q","_links":{"self":[{"href":"https:\/\/egzomag.atomki.hu\/en\/wp-json\/wp\/v2\/pages\/88","targetHints":{"allow":["GET"]}}],"collection":[{"href":"https:\/\/egzomag.atomki.hu\/en\/wp-json\/wp\/v2\/pages"}],"about":[{"href":"https:\/\/egzomag.atomki.hu\/en\/wp-json\/wp\/v2\/types\/page"}],"author":[{"embeddable":true,"href":"https:\/\/egzomag.atomki.hu\/en\/wp-json\/wp\/v2\/users\/3"}],"replies":[{"embeddable":true,"href":"https:\/\/egzomag.atomki.hu\/en\/wp-json\/wp\/v2\/comments?post=88"}],"version-history":[{"count":6,"href":"https:\/\/egzomag.atomki.hu\/en\/wp-json\/wp\/v2\/pages\/88\/revisions"}],"predecessor-version":[{"id":655,"href":"https:\/\/egzomag.atomki.hu\/en\/wp-json\/wp\/v2\/pages\/88\/revisions\/655"}],"wp:featuredmedia":[{"embeddable":true,"href":"https:\/\/egzomag.atomki.hu\/en\/wp-json\/wp\/v2\/media\/1474"}],"wp:attachment":[{"href":"https:\/\/egzomag.atomki.hu\/en\/wp-json\/wp\/v2\/media?parent=88"}],"curies":[{"name":"wp","href":"https:\/\/api.w.org\/{rel}","templated":true}]}}