{"id":935,"date":"2017-06-14T07:31:03","date_gmt":"2017-06-14T07:31:03","guid":{"rendered":"http:\/\/egzomag.atomki.hu\/munkatarsak\/"},"modified":"2024-04-01T07:46:34","modified_gmt":"2024-04-01T07:46:34","slug":"people","status":"publish","type":"page","link":"https:\/\/egzomag.atomki.hu\/en\/people\/","title":{"rendered":"People"},"content":{"rendered":"<div class=\"wpb-content-wrapper\"><p>[vc_row][vc_column][vc_column_text]<\/p>\n<h3>PEOPLE<\/h3>\n<p>[\/vc_column_text][vc_separator color=&#8221;custom&#8221; style=&#8221;dotted&#8221; border_width=&#8221;3&#8243; accent_color=&#8221;#22b573&#8243; css=&#8221;.vc_custom_1521547624520{margin-top: -3% !important;}&#8221;][\/vc_column][\/vc_row][vc_row][vc_column width=&#8221;1\/3&#8243;]<div class=\"team team_vertical\"><div class=\"image_frame photo no_link scale-with-grid\"><div class=\"image_wrapper\"><img decoding=\"async\" class=\"scale-with-grid\" src=\"https:\/\/i0.wp.com\/egzomag.atomki.hu\/wp-content\/uploads\/sites\/4\/2019\/03\/sohler-dora.jpg?fit=1024%2C1024&#038;ssl=1\" alt=\"People\" width=\"\" height=\"\"\/><\/div><\/div><div class=\"desc_wrapper clearfix\"><h4 class=\"desc_wrappper_title \">D\u00f3ra Sohler, PhD<\/h4><p class=\"subtitle\">research fellow<\/p><p class=\"phone\"><i class=\"icon-phone\"><\/i> <a href=\"tel:+36 52 509 243\" aria-label=\"phone\">+36 52 509 243<\/a><\/p><hr class=\"hr_color\" \/><div class=\"desc\"><a href=\"mailto:sohler.dora@atomki.hu\">sohler.dora@atomki.hu<\/a><\/div><div class=\"links\"><\/div><\/div><\/div>\n[\/vc_column][vc_column width=&#8221;1\/3&#8243;]<div class=\"team team_vertical\"><div class=\"image_frame photo no_link scale-with-grid\"><div class=\"image_wrapper\"><img decoding=\"async\" class=\"scale-with-grid\" src=\"https:\/\/i0.wp.com\/egzomag.atomki.hu\/wp-content\/uploads\/sites\/4\/2019\/03\/csatlos-margit.jpg?fit=1024%2C1024&#038;ssl=1\" alt=\"People\" width=\"\" height=\"\"\/><\/div><\/div><div class=\"desc_wrapper clearfix\"><h4 class=\"desc_wrappper_title \">Margit Csatl\u00f3s, PhD<\/h4><p class=\"subtitle\">research fellow<\/p><p class=\"phone\"><i class=\"icon-phone\"><\/i> <a href=\"tel:+36 52 509 225\" aria-label=\"phone\">+36 52 509 225<\/a><\/p><hr class=\"hr_color\" \/><div class=\"desc\"><a href=\"mailto:csatlos.margit@atomki.hu\">csatlos.margit@atomki.hu<\/a><\/div><div class=\"links\"><\/div><\/div><\/div>\n[\/vc_column][vc_column width=&#8221;1\/3&#8243;]<div class=\"team team_vertical\"><div class=\"image_frame photo no_link scale-with-grid\"><div class=\"image_wrapper\"><img decoding=\"async\" class=\"scale-with-grid\" src=\"https:\/\/i0.wp.com\/egzomag.atomki.hu\/wp-content\/uploads\/sites\/4\/2019\/03\/csige-lorant.jpg?fit=1024%2C1024&#038;ssl=1\" alt=\"People\" width=\"\" height=\"\"\/><\/div><\/div><div class=\"desc_wrapper clearfix\"><h4 class=\"desc_wrappper_title \">L\u00f3r\u00e1nt Csige, PhD<\/h4><p class=\"subtitle\">research fellow<\/p><p class=\"phone\"><i class=\"icon-phone\"><\/i> <a href=\"tel:+36 52 509 250\" aria-label=\"phone\">+36 52 509 250<\/a><\/p><hr class=\"hr_color\" \/><div class=\"desc\"><a href=\"mailto:csige.lorant@atomki.hu\">csige.lorant@atomki.hu<\/a><\/div><div class=\"links\"><\/div><\/div><\/div>\n[\/vc_column][\/vc_row][vc_row][vc_column width=&#8221;1\/3&#8243;]<div class=\"team team_vertical\"><div class=\"image_frame photo no_link scale-with-grid\"><div class=\"image_wrapper\"><img decoding=\"async\" class=\"scale-with-grid\" src=\"https:\/\/i0.wp.com\/egzomag.atomki.hu\/wp-content\/uploads\/sites\/4\/2019\/02\/egzomag_munkatarsak_600px.png?fit=600%2C600&#038;ssl=1\" alt=\"People\" width=\"\" height=\"\"\/><\/div><\/div><div class=\"desc_wrapper clearfix\"><h4 class=\"desc_wrappper_title \">Zsolt Dombr\u00e1di, PhD<\/h4><p class=\"subtitle\">research consultant<\/p><p class=\"phone\"><i class=\"icon-phone\"><\/i> <a href=\"tel:+36 52 509 260\" aria-label=\"phone\">+36 52 509 260<\/a><\/p><hr class=\"hr_color\" \/><div class=\"desc\"><a href=\"mailto:dombradi.zsolt@atomki.hu\">dombradi.zsolt@atomki.hu<\/a><\/div><div class=\"links\"><\/div><\/div><\/div>\n[\/vc_column][vc_column width=&#8221;1\/3&#8243;]<div class=\"team team_vertical\"><div class=\"image_frame photo no_link scale-with-grid\"><div class=\"image_wrapper\"><img decoding=\"async\" class=\"scale-with-grid\" src=\"https:\/\/i0.wp.com\/egzomag.atomki.hu\/wp-content\/uploads\/sites\/4\/2019\/03\/elekes_zoltan.jpg?fit=600%2C600&#038;ssl=1\" alt=\"People\" width=\"\" height=\"\"\/><\/div><\/div><div class=\"desc_wrapper clearfix\"><h4 class=\"desc_wrappper_title \">Zolt\u00e1n Elekes, PhD<\/h4><p class=\"subtitle\">research consultant<\/p><p class=\"phone\"><i class=\"icon-phone\"><\/i> <a href=\"tel:+36 52 509 237\" aria-label=\"phone\">+36 52 509 237<\/a><\/p><hr class=\"hr_color\" \/><div class=\"desc\"><a href=\"mailto:elekes.zoltan@atomki.hu\">elekes.zoltan@atomki.hu<\/a><\/div><div class=\"links\"><\/div><\/div><\/div>\n[\/vc_column][vc_column width=&#8221;1\/3&#8243;]<div class=\"team team_vertical\"><div class=\"image_frame photo no_link scale-with-grid\"><div class=\"image_wrapper\"><img decoding=\"async\" class=\"scale-with-grid\" src=\"https:\/\/i0.wp.com\/egzomag.atomki.hu\/wp-content\/uploads\/sites\/4\/2019\/02\/egzomag_munkatarsak_600px.png?fit=600%2C600&#038;ssl=1\" alt=\"People\" width=\"\" height=\"\"\/><\/div><\/div><div class=\"desc_wrapper clearfix\"><h4 class=\"desc_wrappper_title \">L\u00f3r\u00e1nt F\u00e9legyh\u00e1zi<\/h4><p class=\"subtitle\">development engineer<\/p><p class=\"phone\"><i class=\"icon-phone\"><\/i> <a href=\"tel:+36 52 509 200 \/ 11375\" aria-label=\"phone\">+36 52 509 200 \/ 11375<\/a><\/p><hr class=\"hr_color\" \/><div class=\"desc\"><a href=\"mailto:felegyhazi.lorant@atomki.hu\">felegyhazi.lorant@atomki.hu<\/a><\/div><div class=\"links\"><\/div><\/div><\/div>\n[\/vc_column][\/vc_row][vc_row][vc_column width=&#8221;1\/3&#8243;]<div class=\"team team_vertical\"><div class=\"image_frame photo no_link scale-with-grid\"><div class=\"image_wrapper\"><img decoding=\"async\" class=\"scale-with-grid\" src=\"https:\/\/i0.wp.com\/egzomag.atomki.hu\/wp-content\/uploads\/sites\/4\/2019\/03\/gacsi-zoltan.jpg?fit=1024%2C1024&#038;ssl=1\" alt=\"People\" width=\"\" height=\"\"\/><\/div><\/div><div class=\"desc_wrapper clearfix\"><h4 class=\"desc_wrappper_title \">Zolt\u00e1n G\u00e1csi, PhD<\/h4><p class=\"subtitle\">research fellow<\/p><p class=\"phone\"><i class=\"icon-phone\"><\/i> <a href=\"tel:+36 52 509 270\" aria-label=\"phone\">+36 52 509 270<\/a><\/p><hr class=\"hr_color\" \/><div class=\"desc\"><a href=\"mailto:gacsi.zoltan@atomki.hu\">gacsi.zoltan@atomki.hu<\/a><\/div><div class=\"links\"><\/div><\/div><\/div>\n[\/vc_column][vc_column width=&#8221;1\/3&#8243;]<div class=\"team team_vertical\"><div class=\"image_frame photo no_link scale-with-grid\"><div class=\"image_wrapper\"><img decoding=\"async\" class=\"scale-with-grid\" src=\"https:\/\/i0.wp.com\/egzomag.atomki.hu\/wp-content\/uploads\/sites\/4\/2019\/03\/gulyas_janos.jpg?fit=600%2C600&#038;ssl=1\" alt=\"People\" width=\"\" height=\"\"\/><\/div><\/div><div class=\"desc_wrapper clearfix\"><h4 class=\"desc_wrappper_title \">J\u00e1nos Guly\u00e1s, PhD<\/h4><p class=\"subtitle\">research fellow<\/p><p class=\"phone\"><i class=\"icon-phone\"><\/i> <a href=\"tel:+36 52 509 200 \/ 11271\" aria-label=\"phone\">+36 52 509 200 \/ 11271<\/a><\/p><hr class=\"hr_color\" \/><div class=\"desc\"><a href=\"mailto:gulyas.janos@atomki.hu\">gulyas.janos@atomki.hu<\/a><\/div><div class=\"links\"><\/div><\/div><\/div>\n[\/vc_column][vc_column width=&#8221;1\/3&#8243;]<div class=\"team team_vertical\"><div class=\"image_frame photo no_link scale-with-grid\"><div class=\"image_wrapper\"><img decoding=\"async\" class=\"scale-with-grid\" src=\"https:\/\/i0.wp.com\/egzomag.atomki.hu\/wp-content\/uploads\/sites\/4\/2019\/02\/hunyadi_matyas.jpg?fit=1024%2C1024&#038;ssl=1\" alt=\"People\" width=\"\" height=\"\"\/><\/div><\/div><div class=\"desc_wrapper clearfix\"><h4 class=\"desc_wrappper_title \">M\u00e1ty\u00e1s Hunyadi, PhD<\/h4><p class=\"subtitle\">research fellow<\/p><p class=\"phone\"><i class=\"icon-phone\"><\/i> <a href=\"tel:+36 52 509 270\" aria-label=\"phone\">+36 52 509 270<\/a><\/p><hr class=\"hr_color\" \/><div class=\"desc\"><a href=\"mailto:hunyadi.matyas@atomki.hu\">hunyadi.matyas@atomki.hu<\/a><\/div><div class=\"links\"><\/div><\/div><\/div>\n[\/vc_column][\/vc_row][vc_row][vc_column width=&#8221;1\/3&#8243;]<div class=\"team team_vertical\"><div class=\"image_frame photo no_link scale-with-grid\"><div class=\"image_wrapper\"><img decoding=\"async\" class=\"scale-with-grid\" src=\"https:\/\/i0.wp.com\/egzomag.atomki.hu\/wp-content\/uploads\/sites\/4\/2019\/02\/krasznahorkay_attila-1.jpg?fit=600%2C600&#038;ssl=1\" alt=\"People\" width=\"\" height=\"\"\/><\/div><\/div><div class=\"desc_wrapper clearfix\"><h4 class=\"desc_wrappper_title \">Attila Krasznahorkay, PhD<\/h4><p class=\"subtitle\">research consultant<\/p><p class=\"phone\"><i class=\"icon-phone\"><\/i> <a href=\"tel:+36 52 509 249\" aria-label=\"phone\">+36 52 509 249<\/a><\/p><hr class=\"hr_color\" \/><div class=\"desc\"><a href=\"mailto:krasznahorkay.attila@atomki.hu\">krasznahorkay.attila@atomki.hu<\/a><\/div><div class=\"links\"><\/div><\/div><\/div>\n[\/vc_column][vc_column width=&#8221;1\/3&#8243;]<div class=\"team team_vertical\"><div class=\"image_frame photo no_link scale-with-grid\"><div class=\"image_wrapper\"><img decoding=\"async\" class=\"scale-with-grid\" src=\"https:\/\/i0.wp.com\/egzomag.atomki.hu\/wp-content\/uploads\/sites\/4\/2019\/03\/kruzsicz-bernadett.jpg?fit=1024%2C1024&#038;ssl=1\" alt=\"People\" width=\"\" height=\"\"\/><\/div><\/div><div class=\"desc_wrapper clearfix\"><h4 class=\"desc_wrappper_title \">Bernadett Kruzsicz<\/h4><p class=\"subtitle\">student<\/p><p class=\"phone\"><i class=\"icon-phone\"><\/i> <a href=\"tel:+36 52 509 200 \/ 11243\" aria-label=\"phone\">+36 52 509 200 \/ 11243<\/a><\/p><hr class=\"hr_color\" \/><div class=\"desc\"><a href=\"mailto:kruzsicz.bernadett@atomki.hu\">kruzsicz.bernadett@atomki.hu<\/a><\/div><div class=\"links\"><\/div><\/div><\/div>\n[\/vc_column][vc_column width=&#8221;1\/3&#8243;]<div class=\"team team_vertical\"><div class=\"image_frame photo no_link scale-with-grid\"><div class=\"image_wrapper\"><img decoding=\"async\" class=\"scale-with-grid\" src=\"https:\/\/i0.wp.com\/egzomag.atomki.hu\/wp-content\/uploads\/sites\/4\/2019\/02\/kuti_istvan.jpg?fit=600%2C600&#038;ssl=1\" alt=\"People\" width=\"\" height=\"\"\/><\/div><\/div><div class=\"desc_wrapper clearfix\"><h4 class=\"desc_wrappper_title \">Istv\u00e1n Kuti, PhD<\/h4><p class=\"subtitle\">research fellow<\/p><p class=\"phone\"><i class=\"icon-phone\"><\/i> <a href=\"tel:+36 52 509 200 \/ 11271\" aria-label=\"phone\">+36 52 509 200 \/ 11271<\/a><\/p><hr class=\"hr_color\" \/><div class=\"desc\"><a href=\"mailto:kuti.istvan@atomki.hu\">kuti.istvan@atomki.hu<\/a><\/div><div class=\"links\"><\/div><\/div><\/div>\n[\/vc_column][\/vc_row][vc_row][vc_column width=&#8221;1\/3&#8243;]<div class=\"team team_vertical\"><div class=\"image_frame photo no_link scale-with-grid\"><div class=\"image_wrapper\"><img decoding=\"async\" class=\"scale-with-grid\" src=\"https:\/\/i0.wp.com\/egzomag.atomki.hu\/wp-content\/uploads\/sites\/4\/2019\/03\/nagy_adam.jpg?fit=600%2C600&#038;ssl=1\" alt=\"People\" width=\"\" height=\"\"\/><\/div><\/div><div class=\"desc_wrapper clearfix\"><h4 class=\"desc_wrappper_title \">\u00c1d\u00e1m Nagy<\/h4><p class=\"subtitle\">PhD student<\/p><p class=\"phone\"><i class=\"icon-phone\"><\/i> <a href=\"tel:+36 52 509 200 \/ 11373\" aria-label=\"phone\">+36 52 509 200 \/ 11373<\/a><\/p><hr class=\"hr_color\" \/><div class=\"desc\"><a href=\"mailto:nagy.adam@atomki.hu\">nagy.adam@atomki.hu<\/a><\/div><div class=\"links\"><\/div><\/div><\/div>\n[\/vc_column][vc_column width=&#8221;1\/3&#8243;]<div class=\"team team_vertical\"><div class=\"image_frame photo no_link scale-with-grid\"><div class=\"image_wrapper\"><img decoding=\"async\" class=\"scale-with-grid\" src=\"https:\/\/i0.wp.com\/egzomag.atomki.hu\/wp-content\/uploads\/sites\/4\/2019\/02\/egzomag_munkatarsak_600px.png?fit=600%2C600&#038;ssl=1\" alt=\"People\" width=\"\" height=\"\"\/><\/div><\/div><div class=\"desc_wrapper clearfix\"><h4 class=\"desc_wrappper_title \">Barna Nyak\u00f3, PhD<\/h4><p class=\"subtitle\">research fellow<\/p><p class=\"phone\"><i class=\"icon-phone\"><\/i> <a href=\"tel:+36 52 509 219\" aria-label=\"phone\">+36 52 509 219<\/a><\/p><hr class=\"hr_color\" \/><div class=\"desc\"><a href=\"mailto:nyako.barna@atomki.hu\">nyako.barna@atomki.hu<\/a><\/div><div class=\"links\"><\/div><\/div><\/div>\n[\/vc_column][vc_column width=&#8221;1\/3&#8243;]<div class=\"team team_vertical\"><div class=\"image_frame photo no_link scale-with-grid\"><div class=\"image_wrapper\"><img decoding=\"async\" class=\"scale-with-grid\" src=\"https:\/\/i0.wp.com\/egzomag.atomki.hu\/wp-content\/uploads\/sites\/4\/2019\/02\/egzomag_munkatarsak_600px.png?fit=600%2C600&#038;ssl=1\" alt=\"People\" width=\"\" height=\"\"\/><\/div><\/div><div class=\"desc_wrapper clearfix\"><h4 class=\"desc_wrappper_title \">N\u00e1ndor Sas<\/h4><p class=\"subtitle\">student<\/p><p class=\"phone\"><i class=\"icon-phone\"><\/i> <a href=\"tel:+36 52 509 200 \/ 11373\" aria-label=\"phone\">+36 52 509 200 \/ 11373<\/a><\/p><hr class=\"hr_color\" \/><div class=\"desc\"><a href=\"mailto:sas.nandor@atomki.hu\">sas.nandor@atomki.hu<\/a><\/div><div class=\"links\"><\/div><\/div><\/div>\n[\/vc_column][\/vc_row][vc_row][vc_column width=&#8221;1\/3&#8243;]<div class=\"team team_vertical\"><div class=\"image_frame photo no_link scale-with-grid\"><div class=\"image_wrapper\"><img decoding=\"async\" class=\"scale-with-grid\" src=\"https:\/\/i0.wp.com\/egzomag.atomki.hu\/wp-content\/uploads\/sites\/4\/2019\/03\/timar_janos.jpg?fit=600%2C600&#038;ssl=1\" alt=\"People\" width=\"\" height=\"\"\/><\/div><\/div><div class=\"desc_wrapper clearfix\"><h4 class=\"desc_wrappper_title \">J\u00e1nos Tim\u00e1r, PhD<\/h4><p class=\"subtitle\">research consultant<\/p><p class=\"phone\"><i class=\"icon-phone\"><\/i> <a href=\"tel:+36 52 509 285\" aria-label=\"phone\">+36 52 509 285<\/a><\/p><hr class=\"hr_color\" \/><div class=\"desc\"><a href=\"mailto:timar.janos@atomki.hu\">timar.janos@atomki.hu<\/a><\/div><div class=\"links\"><\/div><\/div><\/div>\n[\/vc_column][vc_column width=&#8221;1\/3&#8243;]<div class=\"team team_vertical\"><div class=\"image_frame photo no_link scale-with-grid\"><div class=\"image_wrapper\"><img decoding=\"async\" class=\"scale-with-grid\" src=\"https:\/\/i0.wp.com\/egzomag.atomki.hu\/wp-content\/uploads\/sites\/4\/2019\/03\/tornyi-tamas-gabor.jpg?fit=1024%2C1024&#038;ssl=1\" alt=\"People\" width=\"\" height=\"\"\/><\/div><\/div><div class=\"desc_wrapper clearfix\"><h4 class=\"desc_wrappper_title \">Tam\u00e1s G\u00e1bor Tornyi, PhD<\/h4><p class=\"subtitle\">research fellow<\/p><p class=\"phone\"><i class=\"icon-phone\"><\/i> <a href=\"tel:+36 52 509 250\" aria-label=\"phone\">+36 52 509 250<\/a><\/p><hr class=\"hr_color\" \/><div class=\"desc\"><a href=\"mailto:tornyi.tamas@atomki.hu\">tornyi.tamas@atomki.hu<\/a><\/div><div class=\"links\"><\/div><\/div><\/div>\n[\/vc_column][vc_column width=&#8221;1\/3&#8243;]<div class=\"team team_vertical\"><div class=\"image_frame photo no_link scale-with-grid\"><div class=\"image_wrapper\"><img decoding=\"async\" class=\"scale-with-grid\" src=\"https:\/\/i0.wp.com\/egzomag.atomki.hu\/wp-content\/uploads\/sites\/4\/2019\/02\/egzomag_munkatarsak_600px.png?fit=600%2C600&#038;ssl=1\" alt=\"People\" width=\"\" height=\"\"\/><\/div><\/div><div class=\"desc_wrapper clearfix\"><h4 class=\"desc_wrappper_title \">Daniel Scheres Firak<\/h4><p class=\"subtitle\">student<\/p><hr class=\"hr_color\" \/><div class=\"desc\"><a href=\"mailto:daniel.s.firak@gmail.com\">daniel.s.firak@gmail.com<\/a><\/div><\/div><\/div>\n[\/vc_column][\/vc_row]<\/p>\n<\/div>","protected":false},"excerpt":{"rendered":"<p>[vc_row][vc_column][vc_column_text] PEOPLE [\/vc_column_text][vc_separator color=&#8221;custom&#8221; style=&#8221;dotted&#8221; border_width=&#8221;3&#8243; accent_color=&#8221;#22b573&#8243; css=&#8221;.vc_custom_1521547624520{margin-top: -3% !important;}&#8221;][\/vc_column][\/vc_row][vc_row][vc_column width=&#8221;1\/3&#8243;][\/vc_column][vc_column width=&#8221;1\/3&#8243;][\/vc_column][vc_column width=&#8221;1\/3&#8243;][\/vc_column][\/vc_row][vc_row][vc_column width=&#8221;1\/3&#8243;][\/vc_column][vc_column width=&#8221;1\/3&#8243;][\/vc_column][vc_column width=&#8221;1\/3&#8243;][\/vc_column][\/vc_row][vc_row][vc_column width=&#8221;1\/3&#8243;][\/vc_column][vc_column width=&#8221;1\/3&#8243;][\/vc_column][vc_column width=&#8221;1\/3&#8243;][\/vc_column][\/vc_row][vc_row][vc_column width=&#8221;1\/3&#8243;][\/vc_column][vc_column width=&#8221;1\/3&#8243;][\/vc_column][vc_column width=&#8221;1\/3&#8243;][\/vc_column][\/vc_row][vc_row][vc_column width=&#8221;1\/3&#8243;][\/vc_column][vc_column width=&#8221;1\/3&#8243;][\/vc_column][vc_column width=&#8221;1\/3&#8243;][\/vc_column][\/vc_row][vc_row][vc_column width=&#8221;1\/3&#8243;][\/vc_column][vc_column<span class=\"excerpt-hellip\"> [\u2026]<\/span><\/p>\n","protected":false},"author":3,"featured_media":1281,"parent":0,"menu_order":0,"comment_status":"closed","ping_status":"closed","template":"","meta":{"inline_featured_image":false,"jetpack_post_was_ever_published":false,"footnotes":""},"class_list":["post-935","page","type-page","status-publish","has-post-thumbnail","hentry"],"jetpack_shortlink":"https:\/\/wp.me\/PaFlJq-f5","_links":{"self":[{"href":"https:\/\/egzomag.atomki.hu\/en\/wp-json\/wp\/v2\/pages\/935","targetHints":{"allow":["GET"]}}],"collection":[{"href":"https:\/\/egzomag.atomki.hu\/en\/wp-json\/wp\/v2\/pages"}],"about":[{"href":"https:\/\/egzomag.atomki.hu\/en\/wp-json\/wp\/v2\/types\/page"}],"author":[{"embeddable":true,"href":"https:\/\/egzomag.atomki.hu\/en\/wp-json\/wp\/v2\/users\/3"}],"replies":[{"embeddable":true,"href":"https:\/\/egzomag.atomki.hu\/en\/wp-json\/wp\/v2\/comments?post=935"}],"version-history":[{"count":15,"href":"https:\/\/egzomag.atomki.hu\/en\/wp-json\/wp\/v2\/pages\/935\/revisions"}],"predecessor-version":[{"id":2929,"href":"https:\/\/egzomag.atomki.hu\/en\/wp-json\/wp\/v2\/pages\/935\/revisions\/2929"}],"wp:featuredmedia":[{"embeddable":true,"href":"https:\/\/egzomag.atomki.hu\/en\/wp-json\/wp\/v2\/media\/1281"}],"wp:attachment":[{"href":"https:\/\/egzomag.atomki.hu\/en\/wp-json\/wp\/v2\/media?parent=935"}],"curies":[{"name":"wp","href":"https:\/\/api.w.org\/{rel}","templated":true}]}}